{"id":5,"date":"2012-02-05T20:14:57","date_gmt":"2012-02-05T19:14:57","guid":{"rendered":"http:\/\/www.circulum.de\/wordpress\/?page_id=5"},"modified":"2026-02-12T18:02:16","modified_gmt":"2026-02-12T17:02:16","slug":"kinderzirkuskurs","status":"publish","type":"page","link":"https:\/\/www.circulum.de\/wordpress\/?page_id=5","title":{"rendered":"Kinderzirkuskurs"},"content":{"rendered":"<p align=\"center\"><img decoding=\"async\" src=\"..\/..\/kinderkurs\/reihe.jpg\" alt=\"\" \/><\/p>\n<p><span style=\"text-decoration: underline\"><strong>Kindertraining im Circulum e. V. in Stichworten:<\/strong><\/span><\/p>\n<ul type=\"square\">\n<li>Einstieg jederzeit m\u00f6glich, kommt einfach vorbei<\/li>\n<li>wir machen Einrad, Jonglage und Akrobatik<\/li>\n<li>f\u00fcr Kinder und Jugendliche von (ungef\u00e4hr) 6\/7 &#8211; 15\/16 Jahren<\/li>\n<li>Einr\u00e4der und Requisiten sind vorhanden, eigenes Material ist aber willkommen<\/li>\n<li>jedes Fr\u00fchjahr besteht die M\u00f6glichkeit zur Teilnahme an einer eigenen Zirkusvorstellung im Rahmen des &#8220;Jugglers Park&#8221; des Circulum e. V.<\/li>\n<li>wir finden Spa\u00df an Circus wichtiger als Leistung<\/li>\n<li><a href=\"https:\/\/www.circulum.de\/wordpress\/?page_id=2075\">Informationen zum Thema Kinderschutz im Circulum e. V.<\/a><\/li>\n<\/ul>\n<p><span style=\"text-decoration: underline\"><strong>Ort und Zeit:<\/strong><\/span><br \/>\nSonntags, 15:30 Uhr bis 17:00 Uhr<br \/>\nSporthalle der Evangelischen Schule Mitte<br \/>\nRochstr. 7, 10178 Berlin-Mitte (direkt am S-Bahnhof Hackescher Markt)<\/p>\n<p><span style=\"text-decoration: underline\"><strong>Geleitet von:<\/strong><\/span><br \/>\nAlina (Einrad)<br \/>\nHelen (Einrad)<br \/>\nJeremy\u00a0 (Handstand, Jonglage, Akrobatik)<\/p>\n<p><span style=\"text-decoration: underline\"><strong>Kosten:<\/strong><\/span><br \/>\nDer Kinderkurs wird vom Circulum e. V. getragen. Um die Finanzierung langfristig aufrechterhalten zu k\u00f6nnen, gelten die folgenden Regeln:<\/p>\n<ul type=\"square\">\n<li>Die Vereinsmitgliedschaft im Circulum e. V. ist f\u00fcr Kinder unter 18 Jahren kostenlos. Sie ist f\u00fcr die regelm\u00e4\u00dfige Teilnahme am Kinderkurs Voraussetzung (u.a. aus Versicherungsgr\u00fcnden).<\/li>\n<li>Die Teilnahme am Kindertraining kostet pro Person 36 Euro\/Jahr (anteilig &#8211; das sind. 3,00 Euro\/Monat)<\/li>\n<li>Die Teilnahmegeb\u00fchr entf\u00e4llt, wenn mindestens ein Elternteil selbst Mitglied im Circulum e.V. ist<\/li>\n<li>bitte sprecht uns bei Interesse an, wenn ihr wisst, dass ihr regelm\u00e4\u00dfig kommen wollt.<\/li>\n<\/ul>\n<p><span style=\"text-decoration: underline\"><strong>Kontakt:<\/strong><\/span><br \/>\nkontakt@circulum.de<\/p>\n<p>Oder bei den TrainerInnen vor Ort. Termine werden im Kalender gepflegt (in den gro\u00dfen Schulferien findet in der Regel kein Training statt.)<\/p>\n","protected":false},"excerpt":{"rendered":"<p>Kindertraining im Circulum e. V. in Stichworten: Einstieg jederzeit m\u00f6glich, kommt einfach vorbei wir machen Einrad, Jonglage und Akrobatik f\u00fcr Kinder und Jugendliche von (ungef\u00e4hr) 6\/7 &#8211; 15\/16 Jahren Einr\u00e4der und Requisiten sind vorhanden, eigenes Material ist aber willkommen jedes &hellip; <a href=\"https:\/\/www.circulum.de\/wordpress\/?page_id=5\">Weiterlesen <span class=\"meta-nav\">&rarr;<\/span><\/a><\/p>\n","protected":false},"author":1,"featured_media":0,"parent":0,"menu_order":0,"comment_status":"open","ping_status":"open","template":"","meta":{"footnotes":""},"class_list":["post-5","page","type-page","status-publish","hentry"],"_links":{"self":[{"href":"https:\/\/www.circulum.de\/wordpress\/index.php?rest_route=\/wp\/v2\/pages\/5","targetHints":{"allow":["GET"]}}],"collection":[{"href":"https:\/\/www.circulum.de\/wordpress\/index.php?rest_route=\/wp\/v2\/pages"}],"about":[{"href":"https:\/\/www.circulum.de\/wordpress\/index.php?rest_route=\/wp\/v2\/types\/page"}],"author":[{"embeddable":true,"href":"https:\/\/www.circulum.de\/wordpress\/index.php?rest_route=\/wp\/v2\/users\/1"}],"replies":[{"embeddable":true,"href":"https:\/\/www.circulum.de\/wordpress\/index.php?rest_route=%2Fwp%2Fv2%2Fcomments&post=5"}],"version-history":[{"count":22,"href":"https:\/\/www.circulum.de\/wordpress\/index.php?rest_route=\/wp\/v2\/pages\/5\/revisions"}],"predecessor-version":[{"id":2089,"href":"https:\/\/www.circulum.de\/wordpress\/index.php?rest_route=\/wp\/v2\/pages\/5\/revisions\/2089"}],"wp:attachment":[{"href":"https:\/\/www.circulum.de\/wordpress\/index.php?rest_route=%2Fwp%2Fv2%2Fmedia&parent=5"}],"curies":[{"name":"wp","href":"https:\/\/api.w.org\/{rel}","templated":true}]}}