{"id":2075,"date":"2026-01-25T16:12:56","date_gmt":"2026-01-25T15:12:56","guid":{"rendered":"https:\/\/www.circulum.de\/wordpress\/?page_id=2075"},"modified":"2026-01-25T16:12:56","modified_gmt":"2026-01-25T15:12:56","slug":"kinderschutz","status":"publish","type":"page","link":"https:\/\/www.circulum.de\/wordpress\/?page_id=2075","title":{"rendered":"Kinderschutz"},"content":{"rendered":"\n<p>Der Circulum e. V. tr\u00e4gt mit einem Teil seines Angebots speziell f\u00fcr Kinder und Jugendliche eine besondere Verantwortung. Dabei ist uns der Schutz der Kinder und Jugendlichen vor Gefahren besonders wichtig. Nachdr\u00fccklich setzen wir uns f\u00fcr Pr\u00e4vention und Bek\u00e4mpfung von (sexualisierter) Gewalt im Sport gegen Kinder, Jugendliche und Erwachsene ein.<br><br>Als Beauftragte f\u00fcr Pr\u00e4vention und Intervention hat der Circulum e. V.<br><br>Josephine Theer mit dem Kontakt &lt;kinderschutz@circulum.de&gt;<br><br>benannt.<br><br>Als Mitglied im Landessportbund Berlin bekennt sich der Circulum e. V. zu dessen Leitlinien f\u00fcr den Kinderschutz im Sport<br><br>&lt;link: <a href=\"https:\/\/www.lsb-berlin.de\/themenwelten\/kinderschutz\">https:\/\/www.lsb-berlin.de\/themenwelten\/kinderschutz<\/a>&gt;<br><br>und verweist f\u00fcr schnelle Hilfe bei Grenzverletzungen oder Gewalt auch auf die Ansprechpersonen des LSB Berlin<br><br>&lt;link: <a href=\"https:\/\/www.lsb-berlin.de\/themenwelten\/kinderschutz\/schnelle-hilfe\">https:\/\/www.lsb-berlin.de\/themenwelten\/kinderschutz\/schnelle-hilfe<\/a>&gt;<\/p>\n","protected":false},"excerpt":{"rendered":"<p>Der Circulum e. V. tr\u00e4gt mit einem Teil seines Angebots speziell f\u00fcr Kinder und Jugendliche eine besondere Verantwortung. Dabei ist uns der Schutz der Kinder und Jugendlichen vor Gefahren besonders wichtig. Nachdr\u00fccklich setzen wir uns f\u00fcr Pr\u00e4vention und Bek\u00e4mpfung von &hellip; <a href=\"https:\/\/www.circulum.de\/wordpress\/?page_id=2075\">Weiterlesen <span class=\"meta-nav\">&rarr;<\/span><\/a><\/p>\n","protected":false},"author":12,"featured_media":0,"parent":0,"menu_order":0,"comment_status":"closed","ping_status":"closed","template":"","meta":{"footnotes":""},"class_list":["post-2075","page","type-page","status-publish","hentry"],"_links":{"self":[{"href":"https:\/\/www.circulum.de\/wordpress\/index.php?rest_route=\/wp\/v2\/pages\/2075","targetHints":{"allow":["GET"]}}],"collection":[{"href":"https:\/\/www.circulum.de\/wordpress\/index.php?rest_route=\/wp\/v2\/pages"}],"about":[{"href":"https:\/\/www.circulum.de\/wordpress\/index.php?rest_route=\/wp\/v2\/types\/page"}],"author":[{"embeddable":true,"href":"https:\/\/www.circulum.de\/wordpress\/index.php?rest_route=\/wp\/v2\/users\/12"}],"replies":[{"embeddable":true,"href":"https:\/\/www.circulum.de\/wordpress\/index.php?rest_route=%2Fwp%2Fv2%2Fcomments&post=2075"}],"version-history":[{"count":2,"href":"https:\/\/www.circulum.de\/wordpress\/index.php?rest_route=\/wp\/v2\/pages\/2075\/revisions"}],"predecessor-version":[{"id":2077,"href":"https:\/\/www.circulum.de\/wordpress\/index.php?rest_route=\/wp\/v2\/pages\/2075\/revisions\/2077"}],"wp:attachment":[{"href":"https:\/\/www.circulum.de\/wordpress\/index.php?rest_route=%2Fwp%2Fv2%2Fmedia&parent=2075"}],"curies":[{"name":"wp","href":"https:\/\/api.w.org\/{rel}","templated":true}]}}