{"id":2070,"date":"2026-01-25T15:39:24","date_gmt":"2026-01-25T14:39:24","guid":{"rendered":"https:\/\/www.circulum.de\/wordpress\/?page_id=2070"},"modified":"2026-01-25T15:39:25","modified_gmt":"2026-01-25T14:39:25","slug":"mitgliedschaft","status":"publish","type":"page","link":"https:\/\/www.circulum.de\/wordpress\/?page_id=2070","title":{"rendered":"Mitgliedschaft"},"content":{"rendered":"\n<h4 class=\"wp-block-heading\"><strong>Mitgliedschaft<\/strong><\/h4>\n\n\n\n<p><a href=\"https:\/\/www.circulum.de\/wordpress\/wp-content\/uploads\/2025\/01\/Mitgliedsantrag-Circulum-202501.pdf\">Antrag auf Mitgliedschaft (PDF)<\/a><\/p>\n\n\n\n<p>Die Mitgliedschaft bei Circulum e.V. kostet <strong>36,- Euro pro Jahr (normal) <\/strong>bzw. <strong>21,60 Euro (erm\u00e4\u00dfigt)<\/strong>. F\u00fcr die Teilnahme am Kinderzirkuskurs ist ein gesonderter Beitrag f\u00e4llig. <strong>Nach<\/strong> \u00dcbersendung Eures Mitgliedsantrages erhaltet Ihr von uns <strong>eine Informationsmail<\/strong> mit allen n\u00f6tigen Infos \u00fcber den <strong>anteiligen<\/strong> Beitrag f\u00fcr das laufende Jahr (bitte erst nach Erhalt der Mail \u00fcberweisen). Der Folgebeitrag ist dann j\u00e4hrlich unter Angabe Eurer Mitgliedsnummer immer<strong> im Januar<\/strong> f\u00fcr das komplette Jahr auf folgendes Konto zu zahlen:<\/p>\n\n\n\n<figure class=\"wp-block-table\"><table class=\"has-fixed-layout\"><tbody><tr><td>Kontoinhaber:<\/td><td>Circulum e.V.<\/td><\/tr><tr><td>Kontonummer:<\/td><td>1126187100<\/td><\/tr><tr><td>BLZ:<\/td><td>43060967<\/td><\/tr><tr><td>Institut:<\/td><td>GLS-Bank<\/td><\/tr><tr><td>IBAN:<\/td><td>DE87 4306 0967 1126 1871 00<\/td><\/tr><tr><td>BIC:<\/td><td>GENODEM1GLS<\/td><\/tr><\/tbody><\/table><\/figure>\n\n\n\n<p>Die Mitgliedschaft erm\u00f6glicht die Teilnahme an allen w\u00f6chentlichen Circulum Jonglier- und Einradtreffs (siehe <a href=\"http:\/\/www.circulum.de\/wordpress\/?page_id=13\">Kalender<\/a>). Mitglieder sind bei den Treffen unfallversichert.<\/p>\n\n\n\n<p>Wenn ihr eintreten m\u00f6chtet, sprecht am besten ein Vorstandsmitglied&nbsp;beim Training an oder informiert Euch bei den anwesenden Vereinsmitgliedern.<\/p>\n\n\n\n<p>Der Circulum e. V. ist Mitglied im Berliner Turn- und Freizeitsportbund (BTFB) &amp; im Landessportbund Berlin.<\/p>\n","protected":false},"excerpt":{"rendered":"<p>Mitgliedschaft Antrag auf Mitgliedschaft (PDF) Die Mitgliedschaft bei Circulum e.V. kostet 36,- Euro pro Jahr (normal) bzw. 21,60 Euro (erm\u00e4\u00dfigt). F\u00fcr die Teilnahme am Kinderzirkuskurs ist ein gesonderter Beitrag f\u00e4llig. Nach \u00dcbersendung Eures Mitgliedsantrages erhaltet Ihr von uns eine Informationsmail &hellip; <a href=\"https:\/\/www.circulum.de\/wordpress\/?page_id=2070\">Weiterlesen <span class=\"meta-nav\">&rarr;<\/span><\/a><\/p>\n","protected":false},"author":12,"featured_media":0,"parent":0,"menu_order":0,"comment_status":"closed","ping_status":"closed","template":"","meta":{"footnotes":""},"class_list":["post-2070","page","type-page","status-publish","hentry"],"_links":{"self":[{"href":"https:\/\/www.circulum.de\/wordpress\/index.php?rest_route=\/wp\/v2\/pages\/2070","targetHints":{"allow":["GET"]}}],"collection":[{"href":"https:\/\/www.circulum.de\/wordpress\/index.php?rest_route=\/wp\/v2\/pages"}],"about":[{"href":"https:\/\/www.circulum.de\/wordpress\/index.php?rest_route=\/wp\/v2\/types\/page"}],"author":[{"embeddable":true,"href":"https:\/\/www.circulum.de\/wordpress\/index.php?rest_route=\/wp\/v2\/users\/12"}],"replies":[{"embeddable":true,"href":"https:\/\/www.circulum.de\/wordpress\/index.php?rest_route=%2Fwp%2Fv2%2Fcomments&post=2070"}],"version-history":[{"count":3,"href":"https:\/\/www.circulum.de\/wordpress\/index.php?rest_route=\/wp\/v2\/pages\/2070\/revisions"}],"predecessor-version":[{"id":2073,"href":"https:\/\/www.circulum.de\/wordpress\/index.php?rest_route=\/wp\/v2\/pages\/2070\/revisions\/2073"}],"wp:attachment":[{"href":"https:\/\/www.circulum.de\/wordpress\/index.php?rest_route=%2Fwp%2Fv2%2Fmedia&parent=2070"}],"curies":[{"name":"wp","href":"https:\/\/api.w.org\/{rel}","templated":true}]}}